{"id":238,"date":"2023-12-15T17:19:26","date_gmt":"2023-12-15T17:19:26","guid":{"rendered":"https:\/\/home-made.com.mx\/NKSA\/?page_id=238"},"modified":"2023-12-15T20:19:48","modified_gmt":"2023-12-15T20:19:48","slug":"politicas-de-pago","status":"publish","type":"page","link":"https:\/\/home-made.com.mx\/NKSA\/politicas-de-pago\/","title":{"rendered":"Politicas de pago"},"content":{"rendered":"\t\t<div data-elementor-type=\"wp-page\" data-elementor-id=\"238\" class=\"elementor elementor-238\">\n\t\t\t\t<div class=\"elementor-element elementor-element-66cb5cd e-con-full e-flex e-con e-parent\" data-id=\"66cb5cd\" data-element_type=\"container\" data-settings=\"{&quot;background_background&quot;:&quot;classic&quot;}\" data-core-v316-plus=\"true\">\n\t\t\t\t<div class=\"elementor-element elementor-element-f01773f elementor-widget elementor-widget-spacer\" data-id=\"f01773f\" data-element_type=\"widget\" data-widget_type=\"spacer.default\">\n\t\t\t\t<div class=\"elementor-widget-container\">\n\t\t\t<style>\/*! elementor - v3.20.0 - 11-03-2024 *\/\n.elementor-column .elementor-spacer-inner{height:var(--spacer-size)}.e-con{--container-widget-width:100%}.e-con-inner>.elementor-widget-spacer,.e-con>.elementor-widget-spacer{width:var(--container-widget-width,var(--spacer-size));--align-self:var(--container-widget-align-self,initial);--flex-shrink:0}.e-con-inner>.elementor-widget-spacer>.elementor-widget-container,.e-con>.elementor-widget-spacer>.elementor-widget-container{height:100%;width:100%}.e-con-inner>.elementor-widget-spacer>.elementor-widget-container>.elementor-spacer,.e-con>.elementor-widget-spacer>.elementor-widget-container>.elementor-spacer{height:100%}.e-con-inner>.elementor-widget-spacer>.elementor-widget-container>.elementor-spacer>.elementor-spacer-inner,.e-con>.elementor-widget-spacer>.elementor-widget-container>.elementor-spacer>.elementor-spacer-inner{height:var(--container-widget-height,var(--spacer-size))}.e-con-inner>.elementor-widget-spacer.elementor-widget-empty,.e-con>.elementor-widget-spacer.elementor-widget-empty{position:relative;min-height:22px;min-width:22px}.e-con-inner>.elementor-widget-spacer.elementor-widget-empty .elementor-widget-empty-icon,.e-con>.elementor-widget-spacer.elementor-widget-empty .elementor-widget-empty-icon{position:absolute;top:0;bottom:0;left:0;right:0;margin:auto;padding:0;width:22px;height:22px}<\/style>\t\t<div class=\"elementor-spacer\">\n\t\t\t<div class=\"elementor-spacer-inner\"><\/div>\n\t\t<\/div>\n\t\t\t\t<\/div>\n\t\t\t\t<\/div>\n\t\t\t\t<div class=\"elementor-element elementor-element-a63b845 elementor-widget elementor-widget-heading\" data-id=\"a63b845\" data-element_type=\"widget\" data-widget_type=\"heading.default\">\n\t\t\t\t<div class=\"elementor-widget-container\">\n\t\t\t<style>\/*! elementor - v3.20.0 - 11-03-2024 *\/\n.elementor-heading-title{padding:0;margin:0;line-height:1}.elementor-widget-heading .elementor-heading-title[class*=elementor-size-]>a{color:inherit;font-size:inherit;line-height:inherit}.elementor-widget-heading .elementor-heading-title.elementor-size-small{font-size:15px}.elementor-widget-heading .elementor-heading-title.elementor-size-medium{font-size:19px}.elementor-widget-heading .elementor-heading-title.elementor-size-large{font-size:29px}.elementor-widget-heading .elementor-heading-title.elementor-size-xl{font-size:39px}.elementor-widget-heading .elementor-heading-title.elementor-size-xxl{font-size:59px}<\/style><h2 class=\"elementor-heading-title elementor-size-default\">Pol\u00edticas de pago<\/h2>\t\t<\/div>\n\t\t\t\t<\/div>\n\t\t\t\t<div class=\"elementor-element elementor-element-c62a11f elementor-widget elementor-widget-text-editor\" data-id=\"c62a11f\" data-element_type=\"widget\" data-widget_type=\"text-editor.default\">\n\t\t\t\t<div class=\"elementor-widget-container\">\n\t\t\t<style>\/*! elementor - v3.20.0 - 11-03-2024 *\/\n.elementor-widget-text-editor.elementor-drop-cap-view-stacked .elementor-drop-cap{background-color:#69727d;color:#fff}.elementor-widget-text-editor.elementor-drop-cap-view-framed .elementor-drop-cap{color:#69727d;border:3px solid;background-color:transparent}.elementor-widget-text-editor:not(.elementor-drop-cap-view-default) .elementor-drop-cap{margin-top:8px}.elementor-widget-text-editor:not(.elementor-drop-cap-view-default) .elementor-drop-cap-letter{width:1em;height:1em}.elementor-widget-text-editor .elementor-drop-cap{float:left;text-align:center;line-height:1;font-size:50px}.elementor-widget-text-editor .elementor-drop-cap-letter{display:inline-block}<\/style>\t\t\t\t<p><span style=\"font-size: 13.5pt; color: black;\">Precios<\/span><\/p><p><span style=\"font-size: 13.5pt; color: black;\">M\u00e9todos de Pago<\/span><\/p><p><span style=\"font-size: 13.5pt; color: black;\">Tarjetas de regalo o C\u00f3digo de Descuentos<\/span><\/p><p><span style=\"font-size: 13.5pt; color: black;\">\u00a0<\/span><\/p><p><span style=\"font-size: 13.5pt; color: black;\">Precios<\/span><\/p><p><span style=\"font-size: 13.5pt; color: black;\">Excepto que se indiquen de manera separada, todos los precios mostrados a trav\u00e9s del Sitio est\u00e1n indicados en pesos mexicanos e incluyen en impuesto al valor agregado aplicable en la fecha del pedido.<\/span><\/p><p><span style=\"font-size: 13.5pt; color: black;\">En todos los casos resultar\u00e1 aplicable el costo de entrega, salvo cuando as\u00ed lo comunique a usted NKSA expresamente. El precio de cada Producto ofrecido en el Sitio no incluye el costo de entrega, que ser\u00e1 facturado aparte y le ser\u00e1 comunicado y desglosado a usted antes de la confirmaci\u00f3n del pedido y cuando se valide definitivamente.\u00a0<\/span><\/p><p><span style=\"font-size: 13.5pt; color: black;\">De todo pedido se emitir\u00e1 un recibo con el detalle del Producto, su precio, impuestos y gastos derivados. Si necesita factura puede solicitarla dentro del mes de su compra, a trav\u00e9s del correo electr\u00f3nico indicado en el apartado de\u00a0<\/span><a title=\"P\u00e1gina de contacto\" href=\"https:\/\/www.momijibeauty.com\/pages\/contacto\"><span style=\"font-size: 13.5pt; color: black; text-decoration: none; text-underline: none;\">CONTACTO<\/span><\/a><span style=\"font-size: 13.5pt; color: black;\">, de manera que cualquier solicitud efectuada por un medio distinto, se tendr\u00e1 por no presentada. Una vez que se emite dicha factura, se considerar\u00e1 como final y no se puede cancelar, editar o volver a emitir, por lo que le pedimos asegurarse de que la clave de Registro Federal de Contribuyentes (RFC), y dem\u00e1s datos fiscales solicitados, que ingrese sean correctos.<\/span><\/p><p><span style=\"font-size: 13.5pt; color: black;\">Tanto el precio del Producto como el del env\u00edo podr\u00e1n ser modificados por NKSA en cualquier momento, sin necesidad de previo aviso, oblig\u00e1ndose NKSA a respetar los precios publicados en el Sitio al momento de realizar la compra, siempre y cuando hubiese quedado totalmente cubierto el precio por usted.<\/span><\/p><p><span style=\"font-size: 13.5pt; color: black;\">En caso de aplicar t\u00e9rminos y condiciones espec\u00edficos a su operaci\u00f3n como costos especiales o cargos adicionales, NKSA los har\u00e1 de su conocimiento previamente a la celebraci\u00f3n de la operaci\u00f3n.<\/span><\/p><p><span style=\"font-size: 13.5pt; color: black;\">\u00a0<\/span><\/p><p><span style=\"font-size: 13.5pt; color: black;\">M\u00e9todo de pago<\/span><\/p><p><span style=\"font-size: 13.5pt; color: black;\">Para realizar su compra, usted deber\u00e1 agregar el o los Productos al Carrito de Compra y pagar a trav\u00e9s del mismo en el Sitio, pudiendo efectuar su pago de contado, ya sea mediante efectivo, pago con tarjeta o transferencia electr\u00f3nica v\u00eda SPEI, a trav\u00e9s de las distintas plataformas digitales de pago (Pay Pal, Conekta, Kueski Pay) que lleguen a indicarse por medio del Sitio (\u201cPagos y Env\u00edos\u201d). Para ello, usted reconoce que deber\u00e1 sujetarse a los t\u00e9rminos y condiciones de dichas Plataformas de pago, as\u00ed como proporcionar la informaci\u00f3n que las mismas necesiten para procesar el pago, incluyendo sin limitaci\u00f3n n\u00famero de la tarjeta, fecha de vencimiento, nombre del titular de la tarjeta y c\u00f3digo de seguridad. NKSA no est\u00e1 obligado ni ser\u00e1 responsable de cualesquier conflicto que pudiese derivar de la transacci\u00f3n entre usted y las Plataformas de Pago, sin embargo, se compromete a realizar sus mejores esfuerzos para apoyarlo a solucionar los mismos.<\/span><\/p><p><span style=\"font-size: 13.5pt; color: black;\">El pago deber\u00e1 ser efectuado de manera inmediata para asegurar que el pedido est\u00e9 disponible, en el caso de Pagos en Efectivo usted cuenta con 48 horas para realizar su pago al establecimiento elegido. Los pagos realizados durante el fin de semana o d\u00eda inh\u00e1bil de acuerdo a la Ley Federal del Trabajo y Previsi\u00f3n Social y la Constituci\u00f3n Pol\u00edtica de los Estados Unidos Mexicanos, se acreditar\u00e1 al siguiente d\u00eda h\u00e1bil.<\/span><\/p><p><span style=\"font-size: 13.5pt; color: black;\">Usted consiente expresamente en que le cobremos su orden de manera autom\u00e1tica e inmediata en el momento de la compra.<\/span><\/p><p><span style=\"font-size: 13.5pt; color: black;\">De haberse realizado alg\u00fan cargo en exceso en su tarjeta, deber\u00e1 notificarlo por escrito a\u00a0help@nksa.net,\u00a0con la especificaci\u00f3n del monto en exceso cobrado, el Producto en relaci\u00f3n al cual fue cobrado, el respectivo recibo y datos de la tarjeta, a fin de que el reembolso pueda ser efectuado por NKSA.<\/span><\/p><p><span style=\"font-size: 13.5pt; color: black;\">\u00a0<\/span><\/p><p><span style=\"font-size: 13.5pt; color: black;\">Tarjetas de regalo o C\u00f3digo de Descuentos<\/span><\/p><p><span style=\"font-size: 13.5pt; color: black;\">Los saldos de las tarjetas de regalo, los puntos NKSA, recompensas y los c\u00f3digos de descuentos de NKSA s\u00f3lo podr\u00e1n ser utilizados para hacer perdidos en el Sitio a fin de adquirir cualquiera de los Productos indicados como elegibles y que se encuentren disponibles en el Sitio. Los Productos y servicios disponibles est\u00e1n sujetos a cambios a nuestra entera discreci\u00f3n.<\/span><\/p><p><span style=\"font-size: 13.5pt; color: black;\">Los saldos de las tarjetas de regalo, los puntos NKSA, recompensas y los c\u00f3digos de descuentos de NKSA, seg\u00fan corresponda, se deducir\u00e1n del precio del Producto elegible. Si dicho saldo, puntos, recompensa o descuento no fuese suficiente para cubrir el precio de una compra, usted deber\u00e1 cubrir el saldo excedente con otro m\u00e9todo de pago.<\/span><\/p><p><span style=\"font-size: 13.5pt; color: black;\">Las tarjetas de regalo, incluyendo cualquier saldo sin utilizar contenido en ellas, los puntos NKSA, recompensas y c\u00f3digo de descuentos vencen en un plazo de un a\u00f1o a partir de la fecha de su expedici\u00f3n. La propiedad de la tarjeta de regalo y los riesgos asociados a su p\u00e9rdida son transmitidos al usuario cuando NKSA transmite f\u00edsica (mediante entrega directa o al transportista, seg\u00fan corresponda) o electr\u00f3nicamente la tarjeta de regalo. No asumimos responsabilidad por tarjetas de regalo extraviadas, robadas, destruidas o que sean utilizadas sin su permiso.<\/span><\/p><p><span style=\"font-size: 13.5pt; color: black;\">Mediante el uso de las tarjetas de regalo, los puntos NKSA, recompensas y\/o los c\u00f3digos de descuentos usted acepta los presentes T\u00e9rminos y Condiciones y conviene en no utilizarlos de cualquier forma que pudiere resultar enga\u00f1osa, abusiva o de cualquier otra forma da\u00f1ina para NKSA.<\/span><\/p>\t\t\t\t\t\t<\/div>\n\t\t\t\t<\/div>\n\t\t\t\t<div class=\"elementor-element elementor-element-7f0695c elementor-widget elementor-widget-spacer\" data-id=\"7f0695c\" data-element_type=\"widget\" data-widget_type=\"spacer.default\">\n\t\t\t\t<div class=\"elementor-widget-container\">\n\t\t\t\t\t<div class=\"elementor-spacer\">\n\t\t\t<div class=\"elementor-spacer-inner\"><\/div>\n\t\t<\/div>\n\t\t\t\t<\/div>\n\t\t\t\t<\/div>\n\t\t\t\t<\/div>\n\t\t<div class=\"elementor-element elementor-element-37f738fc e-con-full e-flex e-con e-parent\" data-id=\"37f738fc\" data-element_type=\"container\" data-settings=\"{&quot;background_background&quot;:&quot;classic&quot;}\" data-core-v316-plus=\"true\">\n\t\t<div class=\"elementor-element elementor-element-5d996ed5 e-con-full e-flex e-con e-child\" data-id=\"5d996ed5\" data-element_type=\"container\">\n\t\t\t\t<div class=\"elementor-element elementor-element-126d833c elementor-widget elementor-widget-text-editor\" data-id=\"126d833c\" data-element_type=\"widget\" data-widget_type=\"text-editor.default\">\n\t\t\t\t<div class=\"elementor-widget-container\">\n\t\t\t\t\t\t\t<p><span style=\"color: #ffffff;\"><a style=\"color: #ffffff;\" href=\"https:\/\/home-made.com.mx\/NKSA\/terminos-y-condiciones\/\" target=\"_blank\" rel=\"noopener\">T\u00e9rminos y condiciones<\/a><\/span><\/p>\t\t\t\t\t\t<\/div>\n\t\t\t\t<\/div>\n\t\t\t\t<\/div>\n\t\t<div class=\"elementor-element elementor-element-a8f3707 e-con-full e-flex e-con e-child\" data-id=\"a8f3707\" data-element_type=\"container\">\n\t\t\t\t<div class=\"elementor-element elementor-element-586b079f elementor-widget elementor-widget-text-editor\" data-id=\"586b079f\" data-element_type=\"widget\" data-widget_type=\"text-editor.default\">\n\t\t\t\t<div class=\"elementor-widget-container\">\n\t\t\t\t\t\t\t<p><span style=\"color: #ffffff;\"><a style=\"color: #ffffff;\" href=\"https:\/\/home-made.com.mx\/NKSA\/politicas-de-pago\/\" target=\"_blank\" rel=\"noopener\">Pol\u00edticas de pago<\/a><\/span><\/p>\t\t\t\t\t\t<\/div>\n\t\t\t\t<\/div>\n\t\t\t\t<\/div>\n\t\t<div class=\"elementor-element elementor-element-7e16b5f7 e-con-full e-flex e-con e-child\" data-id=\"7e16b5f7\" data-element_type=\"container\">\n\t\t\t\t<div class=\"elementor-element elementor-element-3b5df7ba elementor-widget elementor-widget-text-editor\" data-id=\"3b5df7ba\" data-element_type=\"widget\" data-widget_type=\"text-editor.default\">\n\t\t\t\t<div class=\"elementor-widget-container\">\n\t\t\t\t\t\t\t<p><span style=\"color: #ffffff;\"><a style=\"color: #ffffff;\" href=\"https:\/\/home-made.com.mx\/NKSA\/politicas-de-cancelaciones\/\">Pol\u00edticas de cancelaciones<\/a><\/span><\/p>\t\t\t\t\t\t<\/div>\n\t\t\t\t<\/div>\n\t\t\t\t<\/div>\n\t\t<div class=\"elementor-element elementor-element-13bc103f e-con-full e-flex e-con e-child\" data-id=\"13bc103f\" data-element_type=\"container\">\n\t\t\t\t<div class=\"elementor-element elementor-element-1c90eb70 elementor-widget elementor-widget-text-editor\" data-id=\"1c90eb70\" data-element_type=\"widget\" data-widget_type=\"text-editor.default\">\n\t\t\t\t<div class=\"elementor-widget-container\">\n\t\t\t\t\t\t\t<p><span style=\"color: #ffffff;\"><a style=\"color: #ffffff;\" href=\"https:\/\/home-made.com.mx\/NKSA\/aviso-de-privacidad\/\">Aviso de privacidad<\/a><\/span><\/p>\t\t\t\t\t\t<\/div>\n\t\t\t\t<\/div>\n\t\t\t\t<\/div>\n\t\t\t\t<\/div>\n\t\t\t\t<\/div>\n\t\t","protected":false},"excerpt":{"rendered":"<p>Pol\u00edticas de pago Precios M\u00e9todos de Pago Tarjetas de regalo o C\u00f3digo de Descuentos \u00a0 Precios Excepto que se indiquen de manera separada, todos los precios mostrados a trav\u00e9s del Sitio est\u00e1n indicados en pesos mexicanos e incluyen en impuesto al valor agregado aplicable en la fecha del pedido. En todos los casos resultar\u00e1 aplicable &hellip;<\/p>\n<p class=\"read-more\"> <a class=\"\" href=\"https:\/\/home-made.com.mx\/NKSA\/politicas-de-pago\/\"> <span class=\"screen-reader-text\">Politicas de pago<\/span> Leer m\u00e1s &raquo;<\/a><\/p>\n","protected":false},"author":1,"featured_media":0,"parent":0,"menu_order":0,"comment_status":"closed","ping_status":"closed","template":"","meta":{"site-sidebar-layout":"no-sidebar","site-content-layout":"","ast-site-content-layout":"full-width-container","site-content-style":"default","site-sidebar-style":"default","ast-global-header-display":"","ast-banner-title-visibility":"","ast-main-header-display":"","ast-hfb-above-header-display":"","ast-hfb-below-header-display":"","ast-hfb-mobile-header-display":"","site-post-title":"disabled","ast-breadcrumbs-content":"","ast-featured-img":"disabled","footer-sml-layout":"","theme-transparent-header-meta":"","adv-header-id-meta":"","stick-header-meta":"","header-above-stick-meta":"","header-main-stick-meta":"","header-below-stick-meta":"","astra-migrate-meta-layouts":"default","ast-page-background-enabled":"default","ast-page-background-meta":{"desktop":{"background-color":"var(--ast-global-color-4)","background-image":"","background-repeat":"repeat","background-position":"center center","background-size":"auto","background-attachment":"scroll","background-type":"","background-media":"","overlay-type":"","overlay-color":"","overlay-gradient":""},"tablet":{"background-color":"","background-image":"","background-repeat":"repeat","background-position":"center center","background-size":"auto","background-attachment":"scroll","background-type":"","background-media":"","overlay-type":"","overlay-color":"","overlay-gradient":""},"mobile":{"background-color":"","background-image":"","background-repeat":"repeat","background-position":"center center","background-size":"auto","background-attachment":"scroll","background-type":"","background-media":"","overlay-type":"","overlay-color":"","overlay-gradient":""}},"ast-content-background-meta":{"desktop":{"background-color":"var(--ast-global-color-5)","background-image":"","background-repeat":"repeat","background-position":"center center","background-size":"auto","background-attachment":"scroll","background-type":"","background-media":"","overlay-type":"","overlay-color":"","overlay-gradient":""},"tablet":{"background-color":"var(--ast-global-color-5)","background-image":"","background-repeat":"repeat","background-position":"center center","background-size":"auto","background-attachment":"scroll","background-type":"","background-media":"","overlay-type":"","overlay-color":"","overlay-gradient":""},"mobile":{"background-color":"var(--ast-global-color-5)","background-image":"","background-repeat":"repeat","background-position":"center center","background-size":"auto","background-attachment":"scroll","background-type":"","background-media":"","overlay-type":"","overlay-color":"","overlay-gradient":""}},"footnotes":""},"class_list":["post-238","page","type-page","status-publish","hentry"],"_links":{"self":[{"href":"https:\/\/home-made.com.mx\/NKSA\/wp-json\/wp\/v2\/pages\/238","targetHints":{"allow":["GET"]}}],"collection":[{"href":"https:\/\/home-made.com.mx\/NKSA\/wp-json\/wp\/v2\/pages"}],"about":[{"href":"https:\/\/home-made.com.mx\/NKSA\/wp-json\/wp\/v2\/types\/page"}],"author":[{"embeddable":true,"href":"https:\/\/home-made.com.mx\/NKSA\/wp-json\/wp\/v2\/users\/1"}],"replies":[{"embeddable":true,"href":"https:\/\/home-made.com.mx\/NKSA\/wp-json\/wp\/v2\/comments?post=238"}],"version-history":[{"count":7,"href":"https:\/\/home-made.com.mx\/NKSA\/wp-json\/wp\/v2\/pages\/238\/revisions"}],"predecessor-version":[{"id":274,"href":"https:\/\/home-made.com.mx\/NKSA\/wp-json\/wp\/v2\/pages\/238\/revisions\/274"}],"wp:attachment":[{"href":"https:\/\/home-made.com.mx\/NKSA\/wp-json\/wp\/v2\/media?parent=238"}],"curies":[{"name":"wp","href":"https:\/\/api.w.org\/{rel}","templated":true}]}}