{"id":250,"date":"2023-12-15T18:57:25","date_gmt":"2023-12-15T18:57:25","guid":{"rendered":"https:\/\/home-made.com.mx\/NKSA\/?page_id=250"},"modified":"2023-12-15T20:16:50","modified_gmt":"2023-12-15T20:16:50","slug":"aviso-de-privacidad","status":"publish","type":"page","link":"https:\/\/home-made.com.mx\/NKSA\/aviso-de-privacidad\/","title":{"rendered":"Aviso de privacidad"},"content":{"rendered":"\t\t<div data-elementor-type=\"wp-page\" data-elementor-id=\"250\" class=\"elementor elementor-250\">\n\t\t\t\t<div class=\"elementor-element elementor-element-66cb5cd e-con-full e-flex e-con e-parent\" data-id=\"66cb5cd\" data-element_type=\"container\" data-settings=\"{&quot;background_background&quot;:&quot;classic&quot;}\" data-core-v316-plus=\"true\">\n\t\t\t\t<div class=\"elementor-element elementor-element-f01773f elementor-widget elementor-widget-spacer\" data-id=\"f01773f\" data-element_type=\"widget\" data-widget_type=\"spacer.default\">\n\t\t\t\t<div class=\"elementor-widget-container\">\n\t\t\t<style>\/*! elementor - v3.20.0 - 11-03-2024 *\/\n.elementor-column .elementor-spacer-inner{height:var(--spacer-size)}.e-con{--container-widget-width:100%}.e-con-inner>.elementor-widget-spacer,.e-con>.elementor-widget-spacer{width:var(--container-widget-width,var(--spacer-size));--align-self:var(--container-widget-align-self,initial);--flex-shrink:0}.e-con-inner>.elementor-widget-spacer>.elementor-widget-container,.e-con>.elementor-widget-spacer>.elementor-widget-container{height:100%;width:100%}.e-con-inner>.elementor-widget-spacer>.elementor-widget-container>.elementor-spacer,.e-con>.elementor-widget-spacer>.elementor-widget-container>.elementor-spacer{height:100%}.e-con-inner>.elementor-widget-spacer>.elementor-widget-container>.elementor-spacer>.elementor-spacer-inner,.e-con>.elementor-widget-spacer>.elementor-widget-container>.elementor-spacer>.elementor-spacer-inner{height:var(--container-widget-height,var(--spacer-size))}.e-con-inner>.elementor-widget-spacer.elementor-widget-empty,.e-con>.elementor-widget-spacer.elementor-widget-empty{position:relative;min-height:22px;min-width:22px}.e-con-inner>.elementor-widget-spacer.elementor-widget-empty .elementor-widget-empty-icon,.e-con>.elementor-widget-spacer.elementor-widget-empty .elementor-widget-empty-icon{position:absolute;top:0;bottom:0;left:0;right:0;margin:auto;padding:0;width:22px;height:22px}<\/style>\t\t<div class=\"elementor-spacer\">\n\t\t\t<div class=\"elementor-spacer-inner\"><\/div>\n\t\t<\/div>\n\t\t\t\t<\/div>\n\t\t\t\t<\/div>\n\t\t\t\t<div class=\"elementor-element elementor-element-a63b845 elementor-widget elementor-widget-heading\" data-id=\"a63b845\" data-element_type=\"widget\" data-widget_type=\"heading.default\">\n\t\t\t\t<div class=\"elementor-widget-container\">\n\t\t\t<style>\/*! elementor - v3.20.0 - 11-03-2024 *\/\n.elementor-heading-title{padding:0;margin:0;line-height:1}.elementor-widget-heading .elementor-heading-title[class*=elementor-size-]>a{color:inherit;font-size:inherit;line-height:inherit}.elementor-widget-heading .elementor-heading-title.elementor-size-small{font-size:15px}.elementor-widget-heading .elementor-heading-title.elementor-size-medium{font-size:19px}.elementor-widget-heading .elementor-heading-title.elementor-size-large{font-size:29px}.elementor-widget-heading .elementor-heading-title.elementor-size-xl{font-size:39px}.elementor-widget-heading .elementor-heading-title.elementor-size-xxl{font-size:59px}<\/style><h2 class=\"elementor-heading-title elementor-size-default\">Aviso de privacidad<\/h2>\t\t<\/div>\n\t\t\t\t<\/div>\n\t\t\t\t<div class=\"elementor-element elementor-element-c62a11f elementor-widget elementor-widget-text-editor\" data-id=\"c62a11f\" data-element_type=\"widget\" data-widget_type=\"text-editor.default\">\n\t\t\t\t<div class=\"elementor-widget-container\">\n\t\t\t<style>\/*! elementor - v3.20.0 - 11-03-2024 *\/\n.elementor-widget-text-editor.elementor-drop-cap-view-stacked .elementor-drop-cap{background-color:#69727d;color:#fff}.elementor-widget-text-editor.elementor-drop-cap-view-framed .elementor-drop-cap{color:#69727d;border:3px solid;background-color:transparent}.elementor-widget-text-editor:not(.elementor-drop-cap-view-default) .elementor-drop-cap{margin-top:8px}.elementor-widget-text-editor:not(.elementor-drop-cap-view-default) .elementor-drop-cap-letter{width:1em;height:1em}.elementor-widget-text-editor .elementor-drop-cap{float:left;text-align:center;line-height:1;font-size:50px}.elementor-widget-text-editor .elementor-drop-cap-letter{display:inline-block}<\/style>\t\t\t\t<p>Privacidad<\/p><p>Se puede navegar el sitio NKSA sin dar ninguna informaci\u00f3n o datos personales a cambio. Sus datos personales ser\u00e1n pedidos en el momento de una compra.<\/p><p>Toda la informaci\u00f3n personal que proporcione durante el registro se utiliza para procesar sus pedidos o ponerse en contacto con usted en relaci\u00f3n con una transacci\u00f3n en particular. NKSA garantiza que la informaci\u00f3n que introduzca no ser\u00e1 compartida con ninguna organizaci\u00f3n externa o terceros. Podemos usar su informaci\u00f3n de contacto para ponerse en contacto con usted acerca de nuevos productos, caracter\u00edsticas o promociones especiales. Si no desea recibir este tipo de comunicaciones, puede darse de baja de la lista de correo.<\/p><p>\u00a0<\/p><p>Seguridad<\/p><p>NKSA utiliza PayPal para procesar el pago de tarjeta de cr\u00e9dito. Paypal es el encargado de la seguridad en su tarjeta de cr\u00e9dito. Al pagar con PayPal, la tienda no volver\u00e1 a ver los d\u00edgitos de su tarjeta de cr\u00e9dito de su cuenta bancaria. Su informaci\u00f3n financiera es segura y sus datos est\u00e1n protegidos por la Pol\u00edtica de protecci\u00f3n del comprador de PayPal contra pagos no autorizados en su cuenta. NKSA no recibe ni guarda informaci\u00f3n de Paypal.<\/p>\t\t\t\t\t\t<\/div>\n\t\t\t\t<\/div>\n\t\t\t\t<div class=\"elementor-element elementor-element-7f0695c elementor-widget elementor-widget-spacer\" data-id=\"7f0695c\" data-element_type=\"widget\" data-widget_type=\"spacer.default\">\n\t\t\t\t<div class=\"elementor-widget-container\">\n\t\t\t\t\t<div class=\"elementor-spacer\">\n\t\t\t<div class=\"elementor-spacer-inner\"><\/div>\n\t\t<\/div>\n\t\t\t\t<\/div>\n\t\t\t\t<\/div>\n\t\t\t\t<\/div>\n\t\t<div class=\"elementor-element elementor-element-263682c e-con-full e-flex e-con e-parent\" data-id=\"263682c\" data-element_type=\"container\" data-settings=\"{&quot;background_background&quot;:&quot;classic&quot;}\" data-core-v316-plus=\"true\">\n\t\t<div class=\"elementor-element elementor-element-3abf8ba1 e-con-full e-flex e-con e-child\" data-id=\"3abf8ba1\" data-element_type=\"container\">\n\t\t\t\t<div class=\"elementor-element elementor-element-6eb0fe72 elementor-widget elementor-widget-text-editor\" data-id=\"6eb0fe72\" data-element_type=\"widget\" data-widget_type=\"text-editor.default\">\n\t\t\t\t<div class=\"elementor-widget-container\">\n\t\t\t\t\t\t\t<p><span style=\"color: #ffffff;\"><a style=\"color: #ffffff;\" href=\"https:\/\/home-made.com.mx\/NKSA\/terminos-y-condiciones\/\" target=\"_blank\" rel=\"noopener\">T\u00e9rminos y condiciones<\/a><\/span><\/p>\t\t\t\t\t\t<\/div>\n\t\t\t\t<\/div>\n\t\t\t\t<\/div>\n\t\t<div class=\"elementor-element elementor-element-39f47108 e-con-full e-flex e-con e-child\" data-id=\"39f47108\" data-element_type=\"container\">\n\t\t\t\t<div class=\"elementor-element elementor-element-1649046d elementor-widget elementor-widget-text-editor\" data-id=\"1649046d\" data-element_type=\"widget\" data-widget_type=\"text-editor.default\">\n\t\t\t\t<div class=\"elementor-widget-container\">\n\t\t\t\t\t\t\t<p><span style=\"color: #ffffff;\"><a style=\"color: #ffffff;\" href=\"https:\/\/home-made.com.mx\/NKSA\/politicas-de-pago\/\" target=\"_blank\" rel=\"noopener\">Pol\u00edticas de pago<\/a><\/span><\/p>\t\t\t\t\t\t<\/div>\n\t\t\t\t<\/div>\n\t\t\t\t<\/div>\n\t\t<div class=\"elementor-element elementor-element-2b180908 e-con-full e-flex e-con e-child\" data-id=\"2b180908\" data-element_type=\"container\">\n\t\t\t\t<div class=\"elementor-element elementor-element-5fd1eeb8 elementor-widget elementor-widget-text-editor\" data-id=\"5fd1eeb8\" data-element_type=\"widget\" data-widget_type=\"text-editor.default\">\n\t\t\t\t<div class=\"elementor-widget-container\">\n\t\t\t\t\t\t\t<p><span style=\"color: #ffffff;\"><a style=\"color: #ffffff;\" href=\"https:\/\/home-made.com.mx\/NKSA\/politicas-de-cancelaciones\/\">Pol\u00edticas de cancelaciones<\/a><\/span><\/p>\t\t\t\t\t\t<\/div>\n\t\t\t\t<\/div>\n\t\t\t\t<\/div>\n\t\t<div class=\"elementor-element elementor-element-78993dbb e-con-full e-flex e-con e-child\" data-id=\"78993dbb\" data-element_type=\"container\">\n\t\t\t\t<div class=\"elementor-element elementor-element-8c2ff26 elementor-widget elementor-widget-text-editor\" data-id=\"8c2ff26\" data-element_type=\"widget\" data-widget_type=\"text-editor.default\">\n\t\t\t\t<div class=\"elementor-widget-container\">\n\t\t\t\t\t\t\t<p><span style=\"color: #ffffff;\"><a style=\"color: #ffffff;\" href=\"https:\/\/home-made.com.mx\/NKSA\/aviso-de-privacidad\/\">Aviso de privacidad<\/a><\/span><\/p>\t\t\t\t\t\t<\/div>\n\t\t\t\t<\/div>\n\t\t\t\t<\/div>\n\t\t\t\t<\/div>\n\t\t\t\t<\/div>\n\t\t","protected":false},"excerpt":{"rendered":"<p>Aviso de privacidad Privacidad Se puede navegar el sitio NKSA sin dar ninguna informaci\u00f3n o datos personales a cambio. Sus datos personales ser\u00e1n pedidos en el momento de una compra. Toda la informaci\u00f3n personal que proporcione durante el registro se utiliza para procesar sus pedidos o ponerse en contacto con usted en relaci\u00f3n con una &hellip;<\/p>\n<p class=\"read-more\"> <a class=\"\" href=\"https:\/\/home-made.com.mx\/NKSA\/aviso-de-privacidad\/\"> <span class=\"screen-reader-text\">Aviso de privacidad<\/span> Leer m\u00e1s &raquo;<\/a><\/p>\n","protected":false},"author":1,"featured_media":0,"parent":0,"menu_order":0,"comment_status":"closed","ping_status":"closed","template":"","meta":{"site-sidebar-layout":"no-sidebar","site-content-layout":"","ast-site-content-layout":"full-width-container","site-content-style":"default","site-sidebar-style":"default","ast-global-header-display":"","ast-banner-title-visibility":"","ast-main-header-display":"","ast-hfb-above-header-display":"","ast-hfb-below-header-display":"","ast-hfb-mobile-header-display":"","site-post-title":"disabled","ast-breadcrumbs-content":"","ast-featured-img":"disabled","footer-sml-layout":"","theme-transparent-header-meta":"","adv-header-id-meta":"","stick-header-meta":"","header-above-stick-meta":"","header-main-stick-meta":"","header-below-stick-meta":"","astra-migrate-meta-layouts":"default","ast-page-background-enabled":"default","ast-page-background-meta":{"desktop":{"background-color":"var(--ast-global-color-4)","background-image":"","background-repeat":"repeat","background-position":"center center","background-size":"auto","background-attachment":"scroll","background-type":"","background-media":"","overlay-type":"","overlay-color":"","overlay-gradient":""},"tablet":{"background-color":"","background-image":"","background-repeat":"repeat","background-position":"center center","background-size":"auto","background-attachment":"scroll","background-type":"","background-media":"","overlay-type":"","overlay-color":"","overlay-gradient":""},"mobile":{"background-color":"","background-image":"","background-repeat":"repeat","background-position":"center center","background-size":"auto","background-attachment":"scroll","background-type":"","background-media":"","overlay-type":"","overlay-color":"","overlay-gradient":""}},"ast-content-background-meta":{"desktop":{"background-color":"var(--ast-global-color-5)","background-image":"","background-repeat":"repeat","background-position":"center center","background-size":"auto","background-attachment":"scroll","background-type":"","background-media":"","overlay-type":"","overlay-color":"","overlay-gradient":""},"tablet":{"background-color":"var(--ast-global-color-5)","background-image":"","background-repeat":"repeat","background-position":"center center","background-size":"auto","background-attachment":"scroll","background-type":"","background-media":"","overlay-type":"","overlay-color":"","overlay-gradient":""},"mobile":{"background-color":"var(--ast-global-color-5)","background-image":"","background-repeat":"repeat","background-position":"center center","background-size":"auto","background-attachment":"scroll","background-type":"","background-media":"","overlay-type":"","overlay-color":"","overlay-gradient":""}},"footnotes":""},"class_list":["post-250","page","type-page","status-publish","hentry"],"_links":{"self":[{"href":"https:\/\/home-made.com.mx\/NKSA\/wp-json\/wp\/v2\/pages\/250","targetHints":{"allow":["GET"]}}],"collection":[{"href":"https:\/\/home-made.com.mx\/NKSA\/wp-json\/wp\/v2\/pages"}],"about":[{"href":"https:\/\/home-made.com.mx\/NKSA\/wp-json\/wp\/v2\/types\/page"}],"author":[{"embeddable":true,"href":"https:\/\/home-made.com.mx\/NKSA\/wp-json\/wp\/v2\/users\/1"}],"replies":[{"embeddable":true,"href":"https:\/\/home-made.com.mx\/NKSA\/wp-json\/wp\/v2\/comments?post=250"}],"version-history":[{"count":10,"href":"https:\/\/home-made.com.mx\/NKSA\/wp-json\/wp\/v2\/pages\/250\/revisions"}],"predecessor-version":[{"id":270,"href":"https:\/\/home-made.com.mx\/NKSA\/wp-json\/wp\/v2\/pages\/250\/revisions\/270"}],"wp:attachment":[{"href":"https:\/\/home-made.com.mx\/NKSA\/wp-json\/wp\/v2\/media?parent=250"}],"curies":[{"name":"wp","href":"https:\/\/api.w.org\/{rel}","templated":true}]}}